{"id":1236,"date":"2025-12-10T15:32:52","date_gmt":"2025-12-10T14:32:52","guid":{"rendered":"https:\/\/sfbbilleder.eu\/port\/?page_id=1236"},"modified":"2025-12-12T16:11:10","modified_gmt":"2025-12-12T15:11:10","slug":"os-der-laver-indholdet","status":"publish","type":"page","link":"https:\/\/sfbbilleder.eu\/port\/os-der-laver-indholdet\/","title":{"rendered":"Om os, der skaber Portalen \u2013 Syd for Banens arkiv"},"content":{"rendered":"\n<p>Vores digitale portal er blevet til takket v\u00e6re et t\u00e6t samarbejde mellem tre ildsj\u00e6le, der kombinerer st\u00e6rke tekniske f\u00e6rdigheder med dyb lokalhistorisk passion. Vi har hver is\u00e6r centrale roller i at sikre, at foreningens mission \u2013 at&nbsp;<strong>bygge bro mellem generationer ved hj\u00e6lp af historien<\/strong>&nbsp;\u2013 lykkes gennem moderne, digital formidling. Vi er:<\/p>\n\n\n<h2 class=\"wp-block-heading\" id=\"niels-j\u00f8rgen-rasmussen\">Niels J\u00f8rgen Rasmussen<\/h2>\n\n\n<figure class=\"wp-block-image size-full is-resized\"><img decoding=\"async\" width=\"2560\" height=\"1920\" src=\"https:\/\/sfbbilleder.eu\/port\/wp-content\/uploads\/2025\/12\/20200619_NielsJoergenRasmussen-kopi-scaled.png\" alt=\"\" class=\"wp-image-1317\" style=\"box-shadow:var(--wp--preset--shadow--natural);aspect-ratio:1;object-fit:cover;width:350px\" srcset=\"https:\/\/sfbbilleder.eu\/port\/wp-content\/uploads\/2025\/12\/20200619_NielsJoergenRasmussen-kopi-scaled.png 2560w, https:\/\/sfbbilleder.eu\/port\/wp-content\/uploads\/2025\/12\/20200619_NielsJoergenRasmussen-kopi-300x225.png 300w, https:\/\/sfbbilleder.eu\/port\/wp-content\/uploads\/2025\/12\/20200619_NielsJoergenRasmussen-kopi-1024x768.png 1024w, https:\/\/sfbbilleder.eu\/port\/wp-content\/uploads\/2025\/12\/20200619_NielsJoergenRasmussen-kopi-768x576.png 768w, https:\/\/sfbbilleder.eu\/port\/wp-content\/uploads\/2025\/12\/20200619_NielsJoergenRasmussen-kopi-1536x1152.png 1536w, https:\/\/sfbbilleder.eu\/port\/wp-content\/uploads\/2025\/12\/20200619_NielsJoergenRasmussen-kopi-2048x1536.png 2048w\" sizes=\"(max-width: 2560px) 100vw, 2560px\" \/><figcaption class=\"wp-element-caption\">Niels J\u00f8rgen Rasmussen<\/figcaption><\/figure>\n\n\n\n<p><strong>N\u00e6stformand, Sekret\u00e6r og Chefarkivar (Foto &amp; Lyd)<\/strong>&nbsp;Niels J\u00f8rgen, pensioneret l\u00e6rer, er&nbsp;<strong>n\u00e6stformand og sekret\u00e6r<\/strong>&nbsp;i Lokalhistorisk Forening \u201cSyd for Banen\u201d. Han er den drivende kraft bag foreningens omfattende billedmateriale og lydproduktioner.<\/p>\n\n\n\n<ul class=\"wp-block-list\">\n<li><strong>Fotografisk Arkivar:<\/strong>&nbsp;Niels J\u00f8rgen er en meget flittig fotograf, der har taget tusindvis af billeder fra og omkring Roskilde, hvilket har resulteret i et stort&nbsp;<strong>online billedgalleri<\/strong>. Han har blandt andet dokumenteret R\u00f8rfabrikken p\u00e5 Elisag\u00e5rdsvej 4, \u00d8stervangssentret f\u00f8r byggeriet og heste p\u00e5 Bakkegaards jorder.<\/li>\n\n\n\n<li><strong>Stemmen i Podcasten:<\/strong>&nbsp;Han medvirker som&nbsp;<strong>interviewer p\u00e5 de fleste af foreningens podcasts<\/strong>, hvor han fort\u00e6ller historier om alt fra Roskilde Ring til Jakobskirkens jubil\u00e6um. Niels J\u00f8rgens engagement er drevet af hans store interesse for lokalhistorie, men ogs\u00e5 naturen, is\u00e6r fugle, som han har fotograferet i titusindvis.<\/li>\n<\/ul>\n\n\n\n<hr class=\"wp-block-separator has-alpha-channel-opacity\"\/>\n\n\n<h2 class=\"wp-block-heading\" id=\"peter-ottesen\">Peter Ottesen<\/h2>\n\n\n<figure class=\"wp-block-image size-full is-resized\"><img decoding=\"async\" width=\"1525\" height=\"1681\" src=\"https:\/\/sfbbilleder.eu\/port\/wp-content\/uploads\/2025\/12\/IMG_5412.jpg\" alt=\"\" class=\"wp-image-1320\" style=\"box-shadow:var(--wp--preset--shadow--natural);aspect-ratio:1;object-fit:cover;width:350px\" srcset=\"https:\/\/sfbbilleder.eu\/port\/wp-content\/uploads\/2025\/12\/IMG_5412.jpg 1525w, https:\/\/sfbbilleder.eu\/port\/wp-content\/uploads\/2025\/12\/IMG_5412-272x300.jpg 272w, https:\/\/sfbbilleder.eu\/port\/wp-content\/uploads\/2025\/12\/IMG_5412-929x1024.jpg 929w, https:\/\/sfbbilleder.eu\/port\/wp-content\/uploads\/2025\/12\/IMG_5412-768x847.jpg 768w, https:\/\/sfbbilleder.eu\/port\/wp-content\/uploads\/2025\/12\/IMG_5412-1393x1536.jpg 1393w\" sizes=\"(max-width: 1525px) 100vw, 1525px\" \/><figcaption class=\"wp-element-caption\">Peter Ottesen<\/figcaption><\/figure>\n\n\n\n<p><strong>Podcasttekniker og Digital Ressource<\/strong>&nbsp;Peter, pensioneret programm\u00f8r, sikrer den tekniske kvalitet i foreningens omfattende lydproduktioner.<\/p>\n\n\n\n<ul class=\"wp-block-list\">\n<li><strong>Teknik og Lyd:<\/strong>&nbsp;Han&nbsp;<strong>holder styr p\u00e5 teknikken<\/strong>&nbsp;i alle foreningens podcasts, som kontinuerligt produceres for at give&nbsp;<strong>narrativ dybde<\/strong>&nbsp;til de lokalhistoriske emner. Han har bl.a. interviewet sammen med Niels J\u00f8rgen om Roskilde Ring, vognmand Bent Dyring og tidligere borgmester Joy Mogensen.<\/li>\n\n\n\n<li><strong>Portaludvikling:<\/strong>&nbsp;Peter er&nbsp;<strong>meget aktiv i forbindelse med opbygningen af portalen<\/strong>, der er designet til at samle alle foreningens digitale ressourcer \u2013 podcasts, kort og chatbots \u2013 i \u00e9n enkel, s\u00f8gbar platform.<\/li>\n\n\n\n<li><strong>Frivilligt Engagement:<\/strong>&nbsp;Han er ligeledes aktiv i R\u00f8de Kors som&nbsp;<strong>aktivitetsleder for gruppen \u201cNatur for Alle\u201d<\/strong>.<\/li>\n<\/ul>\n\n\n\n<hr class=\"wp-block-separator has-alpha-channel-opacity\"\/>\n\n\n<h2 class=\"wp-block-heading\" id=\"poul-erik-l\u00f8vskov\">Poul Erik L\u00f8vskov<\/h2>\n\n\n<figure class=\"wp-block-image size-full is-resized\"><img decoding=\"async\" width=\"960\" height=\"960\" src=\"https:\/\/sfbbilleder.eu\/port\/wp-content\/uploads\/2025\/12\/pel-1.jpg\" alt=\"\" class=\"wp-image-1322\" style=\"box-shadow:var(--wp--preset--shadow--natural);aspect-ratio:1;object-fit:cover;width:350px\" srcset=\"https:\/\/sfbbilleder.eu\/port\/wp-content\/uploads\/2025\/12\/pel-1.jpg 960w, https:\/\/sfbbilleder.eu\/port\/wp-content\/uploads\/2025\/12\/pel-1-300x300.jpg 300w, https:\/\/sfbbilleder.eu\/port\/wp-content\/uploads\/2025\/12\/pel-1-150x150.jpg 150w, https:\/\/sfbbilleder.eu\/port\/wp-content\/uploads\/2025\/12\/pel-1-768x768.jpg 768w\" sizes=\"(max-width: 960px) 100vw, 960px\" \/><figcaption class=\"wp-element-caption\">Poul Erik L\u00f8vskov<\/figcaption><\/figure>\n\n\n\n<p><strong>IT Ressourceperson og Primus Motor (Digital Strategi)<\/strong>&nbsp;Poul Erik, pensioneret IT-konsulent, er foreningens&nbsp;<strong>dedikerede IT Ressourceperson<\/strong>&nbsp;og den prim\u00e6re strateg bag den digitale model.<\/p>\n\n\n\n<p><strong>Socialt Arbejde:<\/strong>&nbsp;Poul Erik er ogs\u00e5 aktiv i R\u00f8de Kors sammen med Peter Ottesen om&nbsp;<strong>naturture for alle<\/strong>&nbsp;og underviser p\u00e5 R\u00f8de Kors-kurset&nbsp;<strong>\u201cRo og Styrke\u201d for indsatte i danske f\u00e6ngsler<\/strong>.<\/p>\n\n\n\n<p><strong>Primus Motor for Portalen:<\/strong>&nbsp;Han er&nbsp;<strong>Primus Motor for opbygningen af Syd for Banens webportal<\/strong>, hvis slutm\u00e5l er at samle al digital historie \u00e9t sted. Hans baggrund inkluderer mange \u00e5rs arbejde inden for professionsuddannelserne med udvikling og vedligeholdelse af&nbsp;<strong>undervisningsmidler og l\u00e6ringsplatforme<\/strong>. Dette er afg\u00f8rende for portalens struktur, der nu fungerer som en&nbsp;<strong>prototype<\/strong>&nbsp;for andre kulturinstitutioner.<\/p>\n\n\n\n<p><strong>Digital Innovation:<\/strong>&nbsp;Han er medansvarlig for den innovative digitale strategi, der har resulteret i anerkendelser som&nbsp;<strong>Landsby- og bydelsprisen 2025<\/strong>. Poul Erik er skribent p\u00e5 flere af artiklerne, i portalen.<\/p>\n\n\n\n<hr class=\"wp-block-separator has-alpha-channel-opacity\"\/>\n","protected":false},"excerpt":{"rendered":"<p>Vores digitale portal er blevet til takket v\u00e6re et t\u00e6t samarbejde mellem tre ildsj\u00e6le, der kombinerer st\u00e6rke tekniske f\u00e6rdigheder med dyb lokalhistorisk passion. Vi har hver is\u00e6r centrale roller i at sikre, at foreningens mission \u2013 at&nbsp;bygge bro mellem generationer ved hj\u00e6lp af historien&nbsp;\u2013 lykkes gennem moderne, digital formidling. Vi er: Niels J\u00f8rgen Rasmussen N\u00e6stformand, [&hellip;]<\/p>\n","protected":false},"author":1,"featured_media":1251,"parent":0,"menu_order":0,"comment_status":"closed","ping_status":"closed","template":"","meta":{"postBodyCss":"","postBodyMargin":[],"postBodyPadding":[],"postBodyBackground":{"backgroundType":"classic","gradient":""},"enableOnePageScrollInPage":false,"onePageScrollCss":"body.gutenkit .gkit-one-page-scroll-dots { --navigation-color: #00ff0d; --navigation-color-active: #00ff0d; --navigation-color-hover: #00ff0d; --navigation-tooltip-arrow-color: #00ff0d; --navigation-tooltip-arrow-color-hover: #00ff0d; } body.gutenkit .gkit-one-page-scroll-dots li.gkit-one-page-scroll-dot .gkit-one-page-scroll-tooltip { color: #ffffff; background-color: #00ff0d; } body.gutenkit .gkit-one-page-scroll-dots li.gkit-one-page-scroll-dot .gkit-one-page-scroll-tooltip:hover { color: #fff; background-color: #00ff0d; }","onePageScrollSpeed":1000,"onePageScrollAnimation":"easeInOutQuad","onePageScrollShowDotNavigation":true,"onePageScrollNavigation":"scaleUp","onePageScrollNavigationPosition":"right","onePageScrollNavigationHorizontal":[],"onePageScrollNavigationVertical":[],"onePageScrollNavigationSpacing":[],"onePageScrollNavigationColor":"#00ff0d","onePageScrollNavigationColorHover":"#00ff0d","onePageScrollNavigationColorActive":"#00ff0d","onePageScrollNavigationIcon":[],"onePageScrollNavigationWidth":[],"onePageScrollNavigationWidthHover":[],"onePageScrollNavigationWidthActive":[],"onePageScrollNavigationHeight":[],"onePageScrollNavigationHeightHover":[],"onePageScrollNavigationHeightActive":[],"onePageScrollNavigationBorder":[],"onePageScrollNavigationBorderHover":[],"onePageScrollNavigationBorderActive":[],"onePageScrollNavigationBorderRadius":[],"onePageScrollNavigationBorderRadiusHover":[],"onePageScrollNavigationBorderRadiusActive":[],"onePageScrollNavigationTooltipTypography":[],"onePageScrollNavigationTooltipColor":"#ffffff","onePageScrollNavigationTooltipColorHover":"","onePageScrollNavigationTooltipBgColor":"#00ff0d","onePageScrollNavigationTooltipBgColorHover":"","onePageScrollNavigationTooltipPadding":[],"onePageScrollNavigationTooltipPaddingHover":[],"onePageScrollNavigationTooltipBorderRadius":[],"onePageScrollNavigationTooltipBorderRadiusHover":[],"pageSettingsCustomCss":"","footnotes":""},"class_list":["post-1236","page","type-page","status-publish","has-post-thumbnail","hentry"],"_links":{"self":[{"href":"https:\/\/sfbbilleder.eu\/port\/wp-json\/wp\/v2\/pages\/1236","targetHints":{"allow":["GET"]}}],"collection":[{"href":"https:\/\/sfbbilleder.eu\/port\/wp-json\/wp\/v2\/pages"}],"about":[{"href":"https:\/\/sfbbilleder.eu\/port\/wp-json\/wp\/v2\/types\/page"}],"author":[{"embeddable":true,"href":"https:\/\/sfbbilleder.eu\/port\/wp-json\/wp\/v2\/users\/1"}],"replies":[{"embeddable":true,"href":"https:\/\/sfbbilleder.eu\/port\/wp-json\/wp\/v2\/comments?post=1236"}],"version-history":[{"count":0,"href":"https:\/\/sfbbilleder.eu\/port\/wp-json\/wp\/v2\/pages\/1236\/revisions"}],"wp:featuredmedia":[{"embeddable":true,"href":"https:\/\/sfbbilleder.eu\/port\/wp-json\/wp\/v2\/media\/1251"}],"wp:attachment":[{"href":"https:\/\/sfbbilleder.eu\/port\/wp-json\/wp\/v2\/media?parent=1236"}],"curies":[{"name":"wp","href":"https:\/\/api.w.org\/{rel}","templated":true}]}}